{"id":452,"date":"2024-10-21T21:55:12","date_gmt":"2024-10-21T17:55:12","guid":{"rendered":"https:\/\/cctv.cybersolutiononline.com\/?post_type=product&#038;p=452"},"modified":"2024-10-21T22:15:21","modified_gmt":"2024-10-21T18:15:21","slug":"hikvision-16ch-turbo-hd-dvr-up-to-4mp-liteacusense","status":"publish","type":"product","link":"https:\/\/cctv.cybersolutiononline.com\/index.php\/product\/hikvision-16ch-turbo-hd-dvr-up-to-4mp-liteacusense\/","title":{"rendered":"Hikvision 16CH Turbo HD DVR Up to 4MP Lite(AcuSense)"},"content":{"rendered":"<p><strong>Motion Detection 2.0<\/strong><br \/>\nHuman\/Vehicle Analysis<br \/>\nDeep learning-based motion detection 2.0 is enabled by default for all analog channels, it can classify human and vehicle, and extremely reduce false alarms caused by objects like leaves and lights;<br \/>\nQuick search by object or event type is supported<\/p>\n<p><strong>Perimeter Protection<\/strong><br \/>\nLine Crossing Detection\/Intrusion Detection : 4-ch<br \/>\nFacial Detection<br \/>\nFacial Detection and Capture : Face picture detection, face picture search<\/p>\n<p><strong>Video and Audio<\/strong><br \/>\nIP Video Input : 2-ch (up to 18-ch)<br \/>\nEnhanced IP mode on:8-ch (up to 24-ch), each up to 4 Mbps<br \/>\nUp to 6 MP resolution<br \/>\nSupport H.265+\/H.265\/H.264+\/H.264 IP cameras<br \/>\nAnalog Video Input : 16-ch , BNC interface (1.0 Vp-p, 75 \u03a9), supporting coaxitron connection<br \/>\nIncoming Bandwidth : 96 Mbps<br \/>\nHDTVI Input : 3K(2960 x 1665)@20 fps, 5 MP(2560 \u00d7 1944)@20 fps, 4 MP(2560 \u00d7 1440)@30 fps, 4 MP(2560 \u00d7 1440)@25 fps,1080p@30 fps, 1080p@25 fps,720p@30 fps, 720p@25 fps<br \/>\nAHD Input : 5 MP(2592 \u00d7 1944)@20 fps,4 MP(2560 \u00d7 1440)@30 fps, 4 MP(2560 \u00d7 1440)@25 fps, 1080p@30 fps, 1080p@25 fps, 720p@30 fps, 720p@25 fps<br \/>\nHDCVI Input : 5MP(2880 \u00d7 1620)@25 fps, 5 MP(2592 \u00d7 1944)@20 fps, 4 MP(2560 \u00d7 1440)@30 fps, 4 MP(2560 \u00d7 1440)@25 fps, 1080p@30 fps, 1080p@25 fps, 720p@30 fps, 720p@25 fps<br \/>\nCVBS Input : PAL\/NTSC<br \/>\nHDMI Output : 1-ch, 4K (3840 \u00d7 2160)\/30Hz, 2K (2560 \u00d7 1440)\/60Hz, 1920 \u00d7 1080\/60Hz, 1280 \u00d7 1024\/60Hz, 1280 \u00d7 720\/60Hz<br \/>\nVGA Output : 1-ch, 1920 \u00d7 1080\/60Hz, 1280 \u00d7 1024\/60Hz, 1280 \u00d7 720\/60Hz<br \/>\nAudio Input : 1-ch, RCA (2.0 Vp-p, 1 K\u03a9) , 16-ch via coaxial cable<br \/>\nAudio Output : 1-ch, RCA (Linear, 1 K\u03a9)<br \/>\nTwo-Way Audio : 1-ch, RCA (2.0 Vp-p, 1 K\u03a9) (using the first audio input)<br \/>\nSynchronous playback : 16-ch<\/p>\n<p><strong>Recording<\/strong><br \/>\nVideo Compression : H.265 Pro+\/H.265 Pro\/H.265\/H.264+\/H.264<br \/>\nEncoding Resolution : When 1080p Lite mode is not enabled:3K lite\/5 MP lite\/4 MP lite\/1080p\/720p\/VGA\/WD1\/4CIF\/CIF;<br \/>\nWhen 1080p Lite mode is enabled: 3K lite\/5 MP lite\/4 MP lite\/1080p lite\/720p lite\/VGA\/WD1\/4CIF\/CIF<br \/>\nFrame Rate<br \/>\nMain stream: When 1080p Lite mode not enabled: For 3K stream access: 3K lite@12fps;4 MP lite@15fps\/1080pLite@20fps;720p\/WD1\/4CIF\/VGA\/CIF@20fps<br \/>\nFor 5 MP stream access: 5 MP lite@12fps;4 MP lite@15fps\/1080pLite@20fps;720p\/WD1\/4CIF\/VGA\/CIF@20fps<br \/>\nFor 4 MP stream access: 4 MP lite@15fps\/1080pLite@25fps (P)\/30fps (N) ;720p\/WD1\/4CIF\/VGA\/CIF@25fps (P)\/30fps (N)<br \/>\nFor 1080p stream access: 1080p\/720p@15fps; VGA\/WD1\/4CIF\/CIF@25fps (P)\/30fps (N)<br \/>\nFor 720p stream access: 720p\/VGA\/WD1\/4CIF\/CIF@25fps (P)\/30fps (N)<br \/>\nWhen 1080p Lite mode enabled: 3K lite\/5 MP lite@12fps;4 MP lite@15fps;1080p lite\/720p lite\/VGA\/WD1\/4CIF\/CIF@25fps (P)\/30fps (N)<br \/>\nSub-stream: WD1\/4CIF@12fps; CIF@25fps (P)\/30fps (N)<br \/>\nVideo Bitrate : 32 Kbps to 6 Mbps<br \/>\nDual-stream : Support<br \/>\nStream Type : Video, Video &amp; Audio<br \/>\nAudio Compression : G.711u<br \/>\nAudio Bitrate : 64 Kbps<\/p>\n<p><strong>Network<\/strong><br \/>\nRemote Connection : 128<br \/>\nTotal Bandwidth : 128 Mbps<br \/>\nNetwork Protocol : TCP\/IP, PPPoE, DHCP, Hik-Connect, DNS, DDNS, NTP, SADP, NFS, iSCSI, UPnP\u2122, HTTPS, ONVIF<br \/>\nNetwork Interface : 1, RJ45 10M\/100M\/1000M , self-adaptive Ethernet interface<\/p>\n<p><strong>Auxiliary Interface<\/strong><br \/>\nSATA : 1 SATA interface<br \/>\nCapacity : Up to 10 TB capacity for each disk<br \/>\nUSB Interface : Real panel: 2 \u00d7 USB 2.0<br \/>\nAlarm In\/Out : N\/A<\/p>\n<p><strong>General<\/strong><br \/>\nPower Supply : 12 VDC, 2A<br \/>\nConsumption : \u2264 24W<br \/>\nWorking Temperature : -10 \u00b0C to +55 \u00b0C (+14 \u00b0F to +131 \u00b0F)<br \/>\nWorking Humidity : 10% to 90%<br \/>\nDimension (W \u00d7 D \u00d7 H) : 285 \u00d7 210 \u00d7 48 mm (11.2 \u00d7 8.3 \u00d7 1.9 inch)<br \/>\nWeight : \u2264 1 kg (2.2 lb)<\/p>\n","protected":false},"excerpt":{"rendered":"<p>Deep learning based human and vehicle targets classification of Motion Detection 2.0<br \/>\nDeep learning-based perimeter protection<br \/>\nH.265 Pro+\/H.265 Pro\/H.265 video compression<br \/>\nHDTVI\/AHD\/CVI\/CVBS\/IP video inputs<br \/>\nAudio via coaxial cable<br \/>\nUp to 24-ch IP camera inputs (up to 6 MP)<br \/>\nEncoding ability up to 3K\/5M Lite @ 12 fps<\/p>\n","protected":false},"featured_media":453,"comment_status":"open","ping_status":"closed","template":"","meta":{"om_disable_all_campaigns":false,"_monsterinsights_skip_tracking":false,"_monsterinsights_sitenote_active":false,"_monsterinsights_sitenote_note":"","_monsterinsights_sitenote_category":0},"product_cat":[20],"product_tag":[31,44,46,43,35,47,37,29,42,48,45,41,36,49,34,30],"class_list":["post-452","product","type-product","status-publish","has-post-thumbnail","hentry","product_cat-dvr","product_tag-16-channel","product_tag-4mp","product_tag-acusense","product_tag-business-security","product_tag-cctv","product_tag-dvr","product_tag-hd-video","product_tag-hikvision","product_tag-home-security","product_tag-intelligent-video-analytics","product_tag-lite","product_tag-motion-detection","product_tag-security-camera-system","product_tag-smart-search","product_tag-surveillance","product_tag-turbo-hd"],"aioseo_notices":[],"_links":{"self":[{"href":"https:\/\/cctv.cybersolutiononline.com\/index.php\/wp-json\/wp\/v2\/product\/452","targetHints":{"allow":["GET"]}}],"collection":[{"href":"https:\/\/cctv.cybersolutiononline.com\/index.php\/wp-json\/wp\/v2\/product"}],"about":[{"href":"https:\/\/cctv.cybersolutiononline.com\/index.php\/wp-json\/wp\/v2\/types\/product"}],"replies":[{"embeddable":true,"href":"https:\/\/cctv.cybersolutiononline.com\/index.php\/wp-json\/wp\/v2\/comments?post=452"}],"wp:featuredmedia":[{"embeddable":true,"href":"https:\/\/cctv.cybersolutiononline.com\/index.php\/wp-json\/wp\/v2\/media\/453"}],"wp:attachment":[{"href":"https:\/\/cctv.cybersolutiononline.com\/index.php\/wp-json\/wp\/v2\/media?parent=452"}],"wp:term":[{"taxonomy":"product_cat","embeddable":true,"href":"https:\/\/cctv.cybersolutiononline.com\/index.php\/wp-json\/wp\/v2\/product_cat?post=452"},{"taxonomy":"product_tag","embeddable":true,"href":"https:\/\/cctv.cybersolutiononline.com\/index.php\/wp-json\/wp\/v2\/product_tag?post=452"}],"curies":[{"name":"wp","href":"https:\/\/api.w.org\/{rel}","templated":true}]}}