{"id":451,"date":"2024-10-21T21:29:11","date_gmt":"2024-10-21T17:29:11","guid":{"rendered":"https:\/\/cctv.cybersolutiononline.com\/?post_type=product&#038;p=451"},"modified":"2024-10-21T21:48:46","modified_gmt":"2024-10-21T17:48:46","slug":"hikvision-16-ch-turbo-hd-2mp-1080p","status":"publish","type":"product","link":"https:\/\/cctv.cybersolutiononline.com\/index.php\/product\/hikvision-16-ch-turbo-hd-2mp-1080p\/","title":{"rendered":"Hikvision 16-CH Turbo HD 2MP 1080P"},"content":{"rendered":"<p><strong>Video and Audio<\/strong><br \/>\nIP Video Input : 2-ch (up to 18-ch) Up to 5 MP resolution Support H.265+\/H.265\/H.264+\/H.264 IP cameras<br \/>\nAnalog Video Input : 16-ch ,BNC interface (1.0 Vp-p, 75 \u03a9), supporting coaxitron connection<br \/>\nHDTVI Input : 1080p25, 1080p30, 720p25, 720p30<br \/>\nAHD Input : 1080p25, 1080p30, 720p25, 720p30<br \/>\nHDCVI Input : 1080p25, 1080p30, 720p25, 720p30<br \/>\nCVBS Input : PAL\/NTSC<br \/>\nHDMI Output : 1-ch, 1920 \u00d7 1080\/60Hz, 1280 \u00d7 1024\/60Hz, 1280 \u00d7 720\/60Hz, 1024 \u00d7 768\/60Hz<br \/>\nVGA Output : 1-ch, 1920 \u00d7 1080\/60Hz, 1280 \u00d7 1024\/60Hz, 1280 \u00d7 720\/60Hz, 1024 \u00d7 768\/60Hz<br \/>\nAudio Input : 1-ch, RCA (2.0 Vp-p, 1 K\u03a9)<br \/>\nAudio Output : 1-ch, RCA (Linear, 1 K\u03a9)<br \/>\nTwo-Way Audio : 1-ch, RCA (2.0 Vp-p, 1 K\u03a9) (using the first audio input)<br \/>\nSynchronous Playback : 16-ch<\/p>\n<p><strong>Recording<\/strong><br \/>\nVideo Compression : H.265 Pro+\/H.265 Pro\/H.265\/H.264+\/H.264<br \/>\nEncoding Resolution : 1080p lite\/720p\/VGA\/WD1\/4CIF\/CIF<br \/>\nFrame Rate : Main stream:<br \/>\nFor 1080p stream access: 1080p lite\/720p lite\/WD1\/4CIF\/VGA@15fps; CIF@25fps (P)\/30fps (N)<br \/>\nFor 720p stream access: 720p\/WD1\/4CIF\/VGA@15fps; CIF@25fps (P)\/30fps (N)<br \/>\nFor standard definition stream access: WD1\/4CIF\/VGA\/CIF@25fps (P)\/30fps (N)<br \/>\nSub-stream: For 1080p and 720p stream access: CIF\/QVGA@15fps<br \/>\nFor standard definition stream access: CIF\/QVGA@25fps (P)\/30fps (N)<br \/>\nVideo Bitrate : 32 Kbps to 4 Mbps<br \/>\nDual-stream : Support<br \/>\nStream Type : Video, Video &amp; Audio<br \/>\nAudio Compression : G.711u<br \/>\nAudio Bitrate : 64 Kbps<\/p>\n<p><strong>Network<\/strong><br \/>\nRemote Connection : 128<br \/>\nNetwork Protocol : TCP\/IP, PPPoE, DHCP, Hik-Connect, DNS, DDNS, NTP, SADP, UPnP\u2122, HTTPS, ONVIF<br \/>\nNetwork Interface : 1, RJ45 10M\/100M self-adaptive Ethernet interface<\/p>\n<p><strong>Auxiliary Interface<\/strong><br \/>\nSATA : 1, SATA interface<br \/>\nCapacity : Up to 10 TB capacity for each disk<br \/>\nUSB Interface : Rear panel: 2 \u00d7 USB 2.0<\/p>\n<p><strong>General<\/strong><br \/>\nPower Supply :12 VDC, 1.5 A<br \/>\nConsumption : \u2264 18 W<br \/>\nWorking Temperature : -10 \u00b0C to 55 \u00b0C (14 \u00b0F to 131 \u00b0F)<br \/>\nWorking Humidity : 10% to 90%<br \/>\nDimension (W \u00d7 D \u00d7 H) : 260 \u00d7 222 \u00d7 45 mm (10.2 \u00d7 8.7 \u00d7 1.8 inch)<br \/>\nWeight : \u2264 2.2 kg (4.9 lb)<\/p>\n","protected":false},"excerpt":{"rendered":"<p>Deep learning based human and vehicle targets classification of Motion Detection 2.0<br \/>\nH.265 Pro+\/H.265 Pro\/H.265 video compression<br \/>\nHDTVI\/AHD\/CVI\/CVBS\/IP video input<br \/>\nAudio via coaxial cable<br \/>\nUp to 18-ch IP camera inputs (up to 5 MP)<br \/>\nUp to 1080p Lite@15 fps encoding capability<br \/>\nMax. 1200 m for 720p HDTVI signal<\/p>\n","protected":false},"featured_media":418,"comment_status":"open","ping_status":"closed","template":"","meta":{"om_disable_all_campaigns":false,"_monsterinsights_skip_tracking":false,"_monsterinsights_sitenote_active":false,"_monsterinsights_sitenote_note":"","_monsterinsights_sitenote_category":0},"product_cat":[20],"product_tag":[33,31,32,43,35,38,37,29,42,39,41,40,36,34,30],"class_list":["post-451","product","type-product","status-publish","has-post-thumbnail","hentry","product_cat-dvr","product_tag-1080p","product_tag-16-channel","product_tag-2mp","product_tag-business-security","product_tag-cctv","product_tag-digital-video-recorder-dvr","product_tag-hd-video","product_tag-hikvision","product_tag-home-security","product_tag-ip-camera","product_tag-motion-detection","product_tag-night-vision","product_tag-security-camera-system","product_tag-surveillance","product_tag-turbo-hd"],"aioseo_notices":[],"_links":{"self":[{"href":"https:\/\/cctv.cybersolutiononline.com\/index.php\/wp-json\/wp\/v2\/product\/451","targetHints":{"allow":["GET"]}}],"collection":[{"href":"https:\/\/cctv.cybersolutiononline.com\/index.php\/wp-json\/wp\/v2\/product"}],"about":[{"href":"https:\/\/cctv.cybersolutiononline.com\/index.php\/wp-json\/wp\/v2\/types\/product"}],"replies":[{"embeddable":true,"href":"https:\/\/cctv.cybersolutiononline.com\/index.php\/wp-json\/wp\/v2\/comments?post=451"}],"wp:featuredmedia":[{"embeddable":true,"href":"https:\/\/cctv.cybersolutiononline.com\/index.php\/wp-json\/wp\/v2\/media\/418"}],"wp:attachment":[{"href":"https:\/\/cctv.cybersolutiononline.com\/index.php\/wp-json\/wp\/v2\/media?parent=451"}],"wp:term":[{"taxonomy":"product_cat","embeddable":true,"href":"https:\/\/cctv.cybersolutiononline.com\/index.php\/wp-json\/wp\/v2\/product_cat?post=451"},{"taxonomy":"product_tag","embeddable":true,"href":"https:\/\/cctv.cybersolutiononline.com\/index.php\/wp-json\/wp\/v2\/product_tag?post=451"}],"curies":[{"name":"wp","href":"https:\/\/api.w.org\/{rel}","templated":true}]}}