{"id":446,"date":"2024-05-28T13:44:35","date_gmt":"2024-05-28T09:44:35","guid":{"rendered":"https:\/\/cctv.cybersolutiononline.com\/?post_type=product&#038;p=446"},"modified":"2024-05-28T14:28:38","modified_gmt":"2024-05-28T10:28:38","slug":"hikvision-analog-5mp-vandal-motorized-varifocal-dome-camera","status":"publish","type":"product","link":"https:\/\/cctv.cybersolutiononline.com\/index.php\/product\/hikvision-analog-5mp-vandal-motorized-varifocal-dome-camera\/","title":{"rendered":"Hikvision Analog 5MP Vandal Motorized Varifocal Dome Camera"},"content":{"rendered":"<table>\n<tbody>\n<tr>\n<td width=\"623\"><strong>Camera<\/strong><\/td>\n<\/tr>\n<tr>\n<td width=\"623\">\u00b7\u00a0\u00a0\u00a0\u00a0\u00a0\u00a0 Image Sensor5 MP CMOS image sensor<\/td>\n<\/tr>\n<tr>\n<td width=\"623\">\u00b7\u00a0\u00a0\u00a0\u00a0\u00a0\u00a0 Max. Resolution2560 (H) \u00d7 1944 (V)<\/td>\n<\/tr>\n<tr>\n<td width=\"623\">\u00b7\u00a0\u00a0\u00a0\u00a0\u00a0\u00a0 Min. Illumination Color: 0.01 Lux @ (F1.2, AGC ON), 0 Lux with IR<\/td>\n<\/tr>\n<tr>\n<td width=\"623\">\u00b7\u00a0\u00a0\u00a0\u00a0\u00a0\u00a0 Shutter Time PAL: 1\/25 s to 1\/50, 000 s,NTSC: 1\/30 s to 1\/50, 000 s<\/td>\n<\/tr>\n<tr>\n<td width=\"623\">\u00b7\u00a0\u00a0\u00a0\u00a0\u00a0\u00a0 Day &amp; Night IR cut filter<\/td>\n<\/tr>\n<tr>\n<td width=\"623\">\u00b7\u00a0\u00a0\u00a0\u00a0\u00a0\u00a0 Angle Adjustment Pan: 0\u00b0 to 355\u00b0; Tilt: 0\u00b0 to 75\u00b0; Rotate: 0\u00b0 to 355\u00b0<\/td>\n<\/tr>\n<tr>\n<td width=\"623\"><strong>Lens<\/strong><\/td>\n<\/tr>\n<tr>\n<td width=\"623\">\u00b7\u00a0\u00a0\u00a0\u00a0\u00a0\u00a0 Lens Type2.7 mm to 13.5 mm motorized vari-focal lens<\/td>\n<\/tr>\n<tr>\n<td width=\"623\">\u00b7\u00a0\u00a0\u00a0\u00a0\u00a0\u00a0 Focal Length &amp; FOV95.7\u00b0 to 29.1\u00b0<\/td>\n<\/tr>\n<tr>\n<td width=\"623\">\u00b7\u00a0\u00a0\u00a0\u00a0\u00a0\u00a0 Lens Mount\u03a6 14<\/td>\n<\/tr>\n<tr>\n<td width=\"623\"><strong>Image<\/strong><\/td>\n<\/tr>\n<tr>\n<td width=\"623\">\u00b7\u00a0\u00a0\u00a0\u00a0\u00a0\u00a0 Image Settings Brightness, Sharpness, DNR, Mirror, Smart IR<\/td>\n<\/tr>\n<tr>\n<td width=\"623\">\u00b7\u00a0\u00a0\u00a0\u00a0\u00a0\u00a0 Frame Rate PAL: 5 MP@20fps, 4 MP@25fps, 1080p@25fps,NTSC: 5 MP@20fps, 4 MP@30fps, 1080p@30fps<\/td>\n<\/tr>\n<tr>\n<td width=\"623\">\u00b7\u00a0\u00a0\u00a0\u00a0\u00a0\u00a0 Day\/Night ModeAuto\/Color\/BW (Black and White)<\/td>\n<\/tr>\n<tr>\n<td width=\"623\">\u00b7\u00a0\u00a0\u00a0\u00a0\u00a0\u00a0 Wide Dynamic Range (WDR)DWDR<\/td>\n<\/tr>\n<tr>\n<td width=\"623\">\u00b7\u00a0\u00a0\u00a0\u00a0\u00a0\u00a0 Image Enhancement BLC<\/td>\n<\/tr>\n<tr>\n<td width=\"623\">\u00b7\u00a0\u00a0\u00a0\u00a0\u00a0\u00a0 White Balance ATW\/MWB<\/td>\n<\/tr>\n<tr>\n<td width=\"623\">\u00b7\u00a0\u00a0\u00a0\u00a0\u00a0\u00a0 AGC Support<\/td>\n<\/tr>\n<tr>\n<td width=\"623\"><strong>Interface<\/strong><\/td>\n<\/tr>\n<tr>\n<td width=\"623\">\u00b7\u00a0\u00a0\u00a0\u00a0\u00a0\u00a0 Video Output Switchable TVI\/AHD\/CVI\/CVBS<\/td>\n<\/tr>\n<tr>\n<td width=\"623\"><strong>General<\/strong><\/td>\n<\/tr>\n<tr>\n<td width=\"623\">\u00b7\u00a0\u00a0\u00a0\u00a0\u00a0\u00a0 Material Metal<\/td>\n<\/tr>\n<tr>\n<td width=\"623\">\u00b7\u00a0\u00a0\u00a0\u00a0\u00a0\u00a0 Dimension \u00d8 145.2 mm \u00d7 124.1 mm ( \u00d8 7.1&#8243; \u00d7 4.9&#8243;)<\/td>\n<\/tr>\n<tr>\n<td width=\"623\">\u00b7\u00a0\u00a0\u00a0\u00a0\u00a0\u00a0 WeightDS-2CE56H0T-VPIT3ZF: Approx. 610 g (1.34 lb.),DS-2CE56H0T-AVPIT3ZF: Approx. 655 g (1.44 lb.)<\/td>\n<\/tr>\n<tr>\n<td width=\"623\">\u00b7\u00a0\u00a0\u00a0\u00a0\u00a0\u00a0 Operating Condition-40 \u00b0C to 60 \u00b0C (-40 \u00b0F to 140 \u00b0F), humidity: 90% or less (non-condensation)<\/td>\n<\/tr>\n<tr>\n<td width=\"623\">\u00b7\u00a0\u00a0\u00a0\u00a0\u00a0\u00a0 Communication Up the coax, Protocol: HIKVISION-C (TVI output)<\/td>\n<\/tr>\n<tr>\n<td width=\"623\">\u00b7\u00a0\u00a0\u00a0\u00a0\u00a0\u00a0 Power SupplyAC24V\/DC12C<\/td>\n<\/tr>\n<tr>\n<td width=\"623\">\u00b7\u00a0\u00a0\u00a0\u00a0\u00a0\u00a0 ConsumptionDS-2CE56H0T-VPIT3ZF: Max. 4.4 W,DS-2CE56H0T-AVPIT3ZF: Max. 6.0 W<\/td>\n<\/tr>\n<tr>\n<td width=\"623\">\u00b7\u00a0\u00a0\u00a0\u00a0\u00a0\u00a0 IR Range Up to 40 m<\/td>\n<\/tr>\n<tr>\n<td width=\"623\"><strong>Approval<\/strong><\/td>\n<\/tr>\n<tr>\n<td width=\"623\">\u00b7\u00a0\u00a0\u00a0\u00a0\u00a0\u00a0 ProtectionIP67, IK10<\/td>\n<\/tr>\n<\/tbody>\n<\/table>\n<p>&nbsp;<\/p>\n","protected":false},"excerpt":{"rendered":"<ul class=\"product_description_item-list\">\n<li class=\"product_description_item\">5 MP dome camera<\/li>\n<li class=\"product_description_item\">2.7 mm to 13.5 mm motorized varifocal lens<\/li>\n<li class=\"product_description_item\">Up to 40 m IR distance for bright night imaging<\/li>\n<li class=\"product_description_item\">Water and dust resistant (IP67) and vandal proof (IK10)<\/li>\n<li class=\"product_description_item\">One port for four switchable signals (TVI\/AHD\/CVI\/CVBS)<\/li>\n<\/ul>\n<p>https:\/\/www.youtube.com\/watch?v=Vn2nUV98ZZs<\/p>\n","protected":false},"featured_media":447,"comment_status":"open","ping_status":"closed","template":"","meta":{"om_disable_all_campaigns":false,"_monsterinsights_skip_tracking":false,"_monsterinsights_sitenote_active":false,"_monsterinsights_sitenote_note":"","_monsterinsights_sitenote_category":0},"product_cat":[18],"product_tag":[],"class_list":["post-446","product","type-product","status-publish","has-post-thumbnail","hentry","product_cat-camera"],"aioseo_notices":[],"_links":{"self":[{"href":"https:\/\/cctv.cybersolutiononline.com\/index.php\/wp-json\/wp\/v2\/product\/446","targetHints":{"allow":["GET"]}}],"collection":[{"href":"https:\/\/cctv.cybersolutiononline.com\/index.php\/wp-json\/wp\/v2\/product"}],"about":[{"href":"https:\/\/cctv.cybersolutiononline.com\/index.php\/wp-json\/wp\/v2\/types\/product"}],"replies":[{"embeddable":true,"href":"https:\/\/cctv.cybersolutiononline.com\/index.php\/wp-json\/wp\/v2\/comments?post=446"}],"wp:featuredmedia":[{"embeddable":true,"href":"https:\/\/cctv.cybersolutiononline.com\/index.php\/wp-json\/wp\/v2\/media\/447"}],"wp:attachment":[{"href":"https:\/\/cctv.cybersolutiononline.com\/index.php\/wp-json\/wp\/v2\/media?parent=446"}],"wp:term":[{"taxonomy":"product_cat","embeddable":true,"href":"https:\/\/cctv.cybersolutiononline.com\/index.php\/wp-json\/wp\/v2\/product_cat?post=446"},{"taxonomy":"product_tag","embeddable":true,"href":"https:\/\/cctv.cybersolutiononline.com\/index.php\/wp-json\/wp\/v2\/product_tag?post=446"}],"curies":[{"name":"wp","href":"https:\/\/api.w.org\/{rel}","templated":true}]}}