{"id":274,"date":"2021-07-08T09:58:44","date_gmt":"2021-07-08T05:58:44","guid":{"rendered":"http:\/\/cctv.cybersolutiononline.com\/?post_type=product&#038;p=274"},"modified":"2021-08-03T10:54:08","modified_gmt":"2021-08-03T06:54:08","slug":"hikvision-acusense-dvr-8-ch-5mp-8mp-lite","status":"publish","type":"product","link":"https:\/\/cctv.cybersolutiononline.com\/index.php\/product\/hikvision-acusense-dvr-8-ch-5mp-8mp-lite\/","title":{"rendered":"Hikvision Acusense DVR 8-CH 5MP\/8MP Lite"},"content":{"rendered":"<p>8-ch 5 MP 1U H.265 AcuSense DVR<\/p>\n<ul>\n<li>8 channels and 1 HDD 1U AcuSense DVR<\/li>\n<li>Providing detailed information with face detection<\/li>\n<li>False alarm reduction by human and vehicle target classification based on deep learning<\/li>\n<li>Efficient H.265 pro+ compression technology<\/li>\n<li>Encoding abilty up to 8 MP @ 8 fps, 5 MP @ 12 fps<\/li>\n<li>5 signals input adaptively (HDTVI\/AHD\/CVI\/CVBS\/IP)<\/li>\n<li>Up to 16 network cameras can be connected.<\/li>\n<\/ul>\n<ul>\n<li><strong>Recording<\/strong><\/li>\n<li><strong>Encoding Resolution<\/strong><\/li>\n<\/ul>\n<p>Main stream:<\/p>\n<p>8 MP@8 fps\/5 MP@12 fps\/<\/p>\n<p>4 MP@15 fps\/3 MP@18 fps<\/p>\n<p>1080p\/720p\/WD1\/4CIF\/VGA\/CIF@25 fps (P)\/30 fps (N)<\/p>\n<p>Sub-stream:<\/p>\n<p>WD1\/4CIF\/CIF@25 fps (P)\/30 fps (N)<\/p>\n<ul>\n<li><strong>Video Bit Rate<\/strong>32 Kbps to 10 Mbps<\/li>\n<li><strong>Video Compression<\/strong>265 Pro+\/H.265 Pro\/H.265\/H.264+\/H.264<\/li>\n<li><strong>Dual Stream<\/strong>Support<\/li>\n<li><strong>Stream Type<\/strong>Video, Video &amp; Audio<\/li>\n<li><strong>Audio Compression<\/strong>711u<\/li>\n<li><strong>Audio Bit Rate<\/strong>64 Kbps<\/li>\n<li><strong>Video And Audio<\/strong><\/li>\n<li><strong>Audio Input<\/strong>1-ch, RCA (2.0 Vp-p, 1 K\u03a9)<\/li>\n<li><strong>Audio Output<\/strong>1-ch, RCA (Linear, 1 K\u03a9)<\/li>\n<li><strong>Synchronous Playback<\/strong>8-ch<\/li>\n<li><strong>IP Video Input<\/strong>8-ch (up to 16-ch);Up to 6 MP resolution;Support H.265+\/H.265\/H.264+\/H.264 IP cameras<\/li>\n<li><strong>HDTVI Input<\/strong><\/li>\n<\/ul>\n<p>8 MP, 5 MP, 4 MP, 3 MP, 1080p@30 fps, 1080p@25 fps, 720p@60 fps, 720p@50 fps, 720p@30 fps, 720p@25 fps<\/p>\n<ul>\n<li><\/li>\n<\/ul>\n<h2 class=\"prod_name\"><strong>HDCVI Input<\/strong>4 MP, 1080p@25 fps, 1080p@30 fps, 720p@25 fps, 720p@30 fps<\/h2>\n<ul>\n<li><strong>CVBS Input<\/strong>PAL\/NTSC<\/li>\n<li><strong>Two-Way Audio<\/strong>1-ch, RCA (2.0 Vp-p, 1 K\u03a9) (using the first audio input)<\/li>\n<li><strong>Analog Video Input<\/strong>8-ch;BNC interface (1.0 Vp-p, 75 \u03a9), supporting coaxitron connection<\/li>\n<li><strong>AHD Input<\/strong>5 MP, 4 MP, 1080p@25 fps, 1080p@30 fps, 720p@25 fps, 720p@30 fps<\/li>\n<li><strong>CVBS Output<\/strong><\/li>\n<\/ul>\n<p>1-ch, BNC (1.0 Vp-p, 75 \u03a9),<\/p>\n<p>resolution: PAL: 704 \u00d7 576, NTSC: 704 \u00d7 480<\/p>\n<ul>\n<li><strong>HDMI\/VGA Output<\/strong><\/li>\n<\/ul>\n<p>HDMI:<\/p>\n<p>1-ch, 4K (3840 \u00d7 2160)\/30Hz, 2K (2560 \u00d7 1440)\/60Hz,<\/p>\n<p>1920 \u00d7 1080\/60Hz,<\/p>\n<p>1280 \u00d7 1024\/60Hz,<\/p>\n<p>1280 \u00d7 720\/60Hz,<\/p>\n<p>1024 \u00d7 768\/60Hz<\/p>\n<p>VGA:<\/p>\n<p>1-ch, 1920 \u00d7 1080\/60Hz,<\/p>\n<p>1280 \u00d7 1024\/60Hz,<\/p>\n<p>1280 \u00d7 720\/60Hz,<\/p>\n<p>1024 \u00d7 768\/60Hz<\/p>\n<p>HDMI\/VGA simultaneous output<\/p>\n<ul>\n<li><strong>Network<\/strong><\/li>\n<li><strong>Network Protocols<\/strong>TCP\/IP, PPPoE, DHCP, Hik-Connect, DNS, DDNS, NTP, SADP, NFS, iSCSI, UPnP\u2122, HTTPS, ONVIF<\/li>\n<li><strong>Remote Connections<\/strong>64<\/li>\n<li><strong>Network Interface<\/strong><\/li>\n<\/ul>\n<p>1,RJ45 10M\/100M\/1000M self-adaptive<\/p>\n<p>Ethernet interface<\/p>\n<ul>\n<li><strong>Auxiliary Interface<\/strong><\/li>\n<li><strong>Capacity<\/strong>Up to 10 TB capacity for each disk<\/li>\n<li><strong>Serial Interface<\/strong>RS-485 (half-duplex)<\/li>\n<li><strong>USB Interface<\/strong><\/li>\n<\/ul>\n<p>1 \u00d7 USB 2.0\uff1b<\/p>\n<p>1 \u00d7 USB 3.0<\/p>\n<ul>\n<li><strong>Alarm In\/Out<\/strong>N\/A<\/li>\n<li><strong>SATA<\/strong>1 SATA interface<\/li>\n<li><strong>General<\/strong><\/li>\n<li><strong>Consumption(Without HDD)<\/strong>\u2264 10 W<\/li>\n<li><strong>Working Humidity<\/strong>10% to 90%<\/li>\n<li><strong>Power Supply<\/strong>12 VDC<\/li>\n<li><strong>Working Temperature<\/strong>-10 \u00b0C to +55 \u00b0C (+14 \u00b0F to +131 \u00b0F)<\/li>\n<li><strong>Dimensions(W \u00d7 D \u00d7 H)<\/strong>315 \u00d7 242 \u00d7 45 mm (12.4 \u00d7 9.5 \u00d7 1.8 inch)<\/li>\n<li><strong>Weights (Without HDD)<\/strong>\u2264 2 kg (4.4 lb)<\/li>\n<\/ul>\n<p>&nbsp;<\/p>\n","protected":false},"excerpt":{"rendered":"<p>Terms &amp; condition apply.<br \/>\n\u2022 Call\/Whatsapp 59691999 &#8211; Customer Service.<br \/>\n\u2022 Prices are subject to change without notice.<br \/>\n\u2022 Delivery Service available on confirmation.<br \/>\n\u2022 Payment on delivery: Cash\/MCB Juice\/MyT Money\/Bank Transfer.<br \/>\n\u2022 Order now and get it at your door step within 1 to 3 working days.<br \/>\n\u2022 1 Year of Warranty.<\/p>\n","protected":false},"featured_media":276,"comment_status":"open","ping_status":"closed","template":"","meta":{"om_disable_all_campaigns":false,"_monsterinsights_skip_tracking":false,"_monsterinsights_sitenote_active":false,"_monsterinsights_sitenote_note":"","_monsterinsights_sitenote_category":0},"product_cat":[20],"product_tag":[],"class_list":["post-274","product","type-product","status-publish","has-post-thumbnail","hentry","product_cat-dvr"],"aioseo_notices":[],"_links":{"self":[{"href":"https:\/\/cctv.cybersolutiononline.com\/index.php\/wp-json\/wp\/v2\/product\/274","targetHints":{"allow":["GET"]}}],"collection":[{"href":"https:\/\/cctv.cybersolutiononline.com\/index.php\/wp-json\/wp\/v2\/product"}],"about":[{"href":"https:\/\/cctv.cybersolutiononline.com\/index.php\/wp-json\/wp\/v2\/types\/product"}],"replies":[{"embeddable":true,"href":"https:\/\/cctv.cybersolutiononline.com\/index.php\/wp-json\/wp\/v2\/comments?post=274"}],"wp:featuredmedia":[{"embeddable":true,"href":"https:\/\/cctv.cybersolutiononline.com\/index.php\/wp-json\/wp\/v2\/media\/276"}],"wp:attachment":[{"href":"https:\/\/cctv.cybersolutiononline.com\/index.php\/wp-json\/wp\/v2\/media?parent=274"}],"wp:term":[{"taxonomy":"product_cat","embeddable":true,"href":"https:\/\/cctv.cybersolutiononline.com\/index.php\/wp-json\/wp\/v2\/product_cat?post=274"},{"taxonomy":"product_tag","embeddable":true,"href":"https:\/\/cctv.cybersolutiononline.com\/index.php\/wp-json\/wp\/v2\/product_tag?post=274"}],"curies":[{"name":"wp","href":"https:\/\/api.w.org\/{rel}","templated":true}]}}