{"id":208,"date":"2021-06-08T12:58:29","date_gmt":"2021-06-08T08:58:29","guid":{"rendered":"http:\/\/cctv.cybersolutiononline.com\/?post_type=product&#038;p=208"},"modified":"2024-10-21T22:39:26","modified_gmt":"2024-10-21T18:39:26","slug":"hikvision-pro-dvr-8-channel-1080p-turbo-hd-2mp","status":"publish","type":"product","link":"https:\/\/cctv.cybersolutiononline.com\/index.php\/product\/hikvision-pro-dvr-8-channel-1080p-turbo-hd-2mp\/","title":{"rendered":"Hikvision 8-CH Turbo HD 2MP\/ 1080P"},"content":{"rendered":"<p>Deep learning based human and vehicle targets classification of Motion Detection 2.0<br \/>\nH.265 Pro+\/H.265 Pro\/H.265 video compression<br \/>\nHDTVI\/AHD\/CVI\/CVBS\/IP video input<br \/>\nAudio via coaxial cable<br \/>\nUp to 10-ch IP camera input (up to 5 MP)<br \/>\nEncoding ability up to 1080p lite @ 15 fps<br \/>\nMax. 1200 m for 720p HDTVI signal<\/p>\n<p>&#8212;&#8212;&#8212;&#8212;&#8212;<\/p>\n<p><strong>Motion Detection 2.0<\/strong><br \/>\nHuman\/Vehicle Analysis : Deep learning-based motion detection 2.0 is enabled by default for all analog channels, it can classify human and vehicle, and extremely reduce false alarms caused by objects like leaves and lights;<br \/>\nQuick search by object or event type is supported;<\/p>\n<p><strong>Video and Audio<\/strong><br \/>\nIP Video Input : 2-ch (up to 10-ch) ,Up to 5 MP resolution, Support H.265+\/H.265\/H.264+\/H.264 IP cameras<br \/>\nAnalog Video Input : 8-ch, BNC interface (1.0 Vp-p, 75 \u03a9), supporting coaxitron connection<br \/>\nHDTVI Input : 1080p25, 1080p30, 720p25, 720p30<br \/>\nAHD Input : 1080p25, 1080p30, 720p25, 720p30<br \/>\nHDCVI Input : 1080p25, 1080p30, 720p25, 720p30<br \/>\nCVBS Input : Support<br \/>\nHDMI Output : 1-ch, 1920 \u00d7 1080\/60Hz, 1280 \u00d7 1024\/60Hz, 1280 \u00d7 720\/60Hz<br \/>\nVGA Output : 1-ch, 1920 \u00d7 1080\/60Hz, 1280 \u00d7 1024\/60Hz, 1280 \u00d7 720\/60Hz<br \/>\nVideo Output Mode : HDMI\/VGA simultaneous output<br \/>\nAudio Input : 1-ch RCA (2.0 Vp-p, 1 K\u03a9), 8-ch via coaxial cable<br \/>\nAudio Output : 1-ch, RCA (Linear, 1 K\u03a9) : Two-Way Audio<br \/>\nReuse the first audio input : Synchronous playback, 8-ch<\/p>\n<p><strong>Recording<\/strong><br \/>\nVideo Compression : H.265 Pro+\/H.265 Pro\/H.265\/H.264+\/H.264<br \/>\nEncoding Resolution : For 1080p stream access: 1080p Lite\/720p Lite\/WD1\/4CIF\/VGA\/CIF<br \/>\nFor 720p stream access: 720p\/WD1\/4CIF\/VGA\/CIF<br \/>\nFor SD stream access: WD1\/4CIF\/VGA\/CIF<br \/>\nFrame Rate : Main stream: For 1080p stream access: 1080p Lite\/720p Lite\/WD1\/4CIF\/VGA\/CIF@15 fps<br \/>\nFor 720p stream access: 720p\/WD1\/4CIF\/VGA\/CIF@15 fps<br \/>\nFor SD stream access: WD1\/4CIF\/VGA\/CIF@25 fps (P)\/30 fps (N)<br \/>\nSub-stream:For 1080p and 720p stream access CIF\/QVGA@15 fps<br \/>\nFor SD stream access: CIF\/QVGA@25 fps (P)\/30 fps (N)<br \/>\nVideo Bitrate : 32 Kbps to 4 Mbps<br \/>\nStream Type : Video, Video &amp; Audio<br \/>\nAudio Compression : G.711u<br \/>\nAudio Bitrate : 64 Kbps<\/p>\n<p><strong>Network<\/strong><br \/>\nRemote Connection : 64<br \/>\nNetwork Protocol: TCP\/IP, PPPoE, DHCP, Hik-Connect, DNS, DDNS, NTP, SADP, SMTP,UPnP\u2122, HTTPS<br \/>\nTotal Bandwidth : 72 Mbps<br \/>\nNetwork Interface : 1, RJ45 10\/100 Mbps self-adaptive Ethernet interface<br \/>\nAuxiliary Interface : SATA, 1 SATA interface<br \/>\nCapacity : Up to 4 TB capacity for each disk<br \/>\nUSB Interface : Rear panel: 2 \u00d7 USB 2.0<br \/>\nAlarm In\/Out : N\/A<\/p>\n<p><strong>General<\/strong><br \/>\nPower Supply : 12 VDC, 1.5 A<br \/>\nConsumption : \u2264 17 W (without HDD)<br \/>\nWorking Temperature : -10 \u00b0C to 55 \u00b0C (14 \u00b0F to +31 \u00b0F)<br \/>\nWorking Humidity : 10% to 90%<br \/>\nDimension (W \u00d7 D \u00d7 H) : 260 \u00d7 222 \u00d7 45 mm (10.2 \u00d7 8.7 \u00d7 1.8 inch)<br \/>\nWeight : \u2264 1 kg (without HDD, 2.2 lb.)<\/p>\n","protected":false},"excerpt":{"rendered":"<ul class=\"list-unstyled\">\n<li>Terms &amp; condition apply\n<ul class=\"list-unstyled\">\n<li>Call\/Whatsapp 59691999 &#8211; Sales Service<\/li>\n<li>Prices are subject to change without notice.<\/li>\n<li>\n<div class=\"express-delivery\">Delivery Service available on confirmation.<\/div>\n<\/li>\n<li>Payment on delivery : Cash\/MCB Juice\/MyT Money\/Bank Transfer.<\/li>\n<li>Order now and get it at your door step within 1 to 3 working days.<\/li>\n<li>1 Year of Warranty.<\/li>\n<\/ul>\n<\/li>\n<\/ul>\n","protected":false},"featured_media":455,"comment_status":"open","ping_status":"closed","template":"","meta":{"om_disable_all_campaigns":false,"_monsterinsights_skip_tracking":false,"_monsterinsights_sitenote_active":false,"_monsterinsights_sitenote_note":"","_monsterinsights_sitenote_category":0},"product_cat":[20],"product_tag":[33,51,43,35,53,50,47,37,29,42,41,52,36,34,30],"class_list":["post-208","product","type-product","status-publish","has-post-thumbnail","hentry","product_cat-dvr","product_tag-1080p","product_tag-8-channel","product_tag-business-security","product_tag-cctv","product_tag-digital-video-recorder","product_tag-ds-7208hghi-m1","product_tag-dvr","product_tag-hd-video","product_tag-hikvision","product_tag-home-security","product_tag-motion-detection","product_tag-remote-access","product_tag-security-camera-system","product_tag-surveillance","product_tag-turbo-hd"],"aioseo_notices":[],"_links":{"self":[{"href":"https:\/\/cctv.cybersolutiononline.com\/index.php\/wp-json\/wp\/v2\/product\/208","targetHints":{"allow":["GET"]}}],"collection":[{"href":"https:\/\/cctv.cybersolutiononline.com\/index.php\/wp-json\/wp\/v2\/product"}],"about":[{"href":"https:\/\/cctv.cybersolutiononline.com\/index.php\/wp-json\/wp\/v2\/types\/product"}],"replies":[{"embeddable":true,"href":"https:\/\/cctv.cybersolutiononline.com\/index.php\/wp-json\/wp\/v2\/comments?post=208"}],"wp:featuredmedia":[{"embeddable":true,"href":"https:\/\/cctv.cybersolutiononline.com\/index.php\/wp-json\/wp\/v2\/media\/455"}],"wp:attachment":[{"href":"https:\/\/cctv.cybersolutiononline.com\/index.php\/wp-json\/wp\/v2\/media?parent=208"}],"wp:term":[{"taxonomy":"product_cat","embeddable":true,"href":"https:\/\/cctv.cybersolutiononline.com\/index.php\/wp-json\/wp\/v2\/product_cat?post=208"},{"taxonomy":"product_tag","embeddable":true,"href":"https:\/\/cctv.cybersolutiononline.com\/index.php\/wp-json\/wp\/v2\/product_tag?post=208"}],"curies":[{"name":"wp","href":"https:\/\/api.w.org\/{rel}","templated":true}]}}