{"id":182,"date":"2021-06-08T10:41:34","date_gmt":"2021-06-08T06:41:34","guid":{"rendered":"http:\/\/cctv.cybersolutiononline.com\/?post_type=product&#038;p=182"},"modified":"2021-07-27T11:09:05","modified_gmt":"2021-07-27T07:09:05","slug":"hikvision-varifocal-bullet-camera-2-mp","status":"publish","type":"product","link":"https:\/\/cctv.cybersolutiononline.com\/index.php\/product\/hikvision-varifocal-bullet-camera-2-mp\/","title":{"rendered":"Hikvision Varifocal Bullet Camera 2 MP"},"content":{"rendered":"<p>(1080P)<\/p>\n<ul class=\"product_description_item-list\">\n<li class=\" product_description_item\">2 MP varifocal PoC bullet camera<\/li>\n<li class=\" product_description_item\">Up to 40 m IR distance for bright night imaging<\/li>\n<li class=\" product_description_item\">Water and dust resistant (IP66) and vandal resistant (IK10)<\/li>\n<li class=\" product_description_item\">Transmits both HD video and power over the same coaxial cable<\/li>\n<\/ul>\n<p>&nbsp;<\/p>\n<p><span class=\"tech-specs-items-description__title--heading\">Camera<\/span><\/p>\n<p><span class=\"tech-specs-items-description__title\">Image Sensor<\/span><span class=\"tech-specs-items-description__title-details\">2.0 megapixel progressive scan CMOS<\/span><\/p>\n<p><span class=\"tech-specs-items-description__title\">Max. Resolution<\/span><span class=\"tech-specs-items-description__title-details\">1920 (H) \u00d7 1080 (V)<\/span><\/p>\n<p><span class=\"tech-specs-items-description__title\">Min. Illumination<\/span><span class=\"tech-specs-items-description__title-details\">0.01 Lux@(F1.2, AGC ON), 0 Lux with IR<\/span><\/p>\n<p><span class=\"tech-specs-items-description__title\">Shutter Time<\/span><span class=\"tech-specs-items-description__title-details\">PAL: 1\/25 s to 1\/50, 000 s,NTSC: 1\/30 s to 1\/50, 000 s<\/span><\/p>\n<p><span class=\"tech-specs-items-description__title\">Day &amp; Night<\/span><span class=\"tech-specs-items-description__title-details\">IR cut filter<\/span><\/p>\n<p><span class=\"tech-specs-items-description__title\">Angle Adjustment<\/span><span class=\"tech-specs-items-description__title-details\">Pan: 0\u00b0 to 360\u00b0, Tilt: 0\u00b0 to 90\u00b0, Rotation: 0\u00b0 to 360\u00b0<\/span><\/p>\n<p><span class=\"tech-specs-items-description__title\">Signal System<\/span><span class=\"tech-specs-items-description__title-details\">PAL\/NTSC<\/span><\/p>\n<p><span class=\"tech-specs-items-description__title--heading\">Lens<\/span><\/p>\n<p><span class=\"tech-specs-items-description__title\">Lens Type<\/span><span class=\"tech-specs-items-description__title-details\">2.8 mm to 12 mm<\/span><\/p>\n<p><span class=\"tech-specs-items-description__title\">Focal Length &amp; FOV<\/span><span class=\"tech-specs-items-description__title-details\">105.2\u00b0 to 32.8 \u00b0<\/span><\/p>\n<p><span class=\"tech-specs-items-description__title\">Lens Mount<\/span><span class=\"tech-specs-items-description__title-details\">\u03a614<\/span><\/p>\n<p><span class=\"tech-specs-items-description__title--heading\">Image<\/span><\/p>\n<p><span class=\"tech-specs-items-description__title\">Image Settings<\/span><span class=\"tech-specs-items-description__title-details\">Brightness, Sharpness, DNR, Mirror<\/span><\/p>\n<p><span class=\"tech-specs-items-description__title\">Frame Rate<\/span><span class=\"tech-specs-items-description__title-details\">PAL: 1080p@25fps,NTSC: 1080p@30fps<\/span><\/p>\n<p><span class=\"tech-specs-items-description__title\">Day\/Night Mode<\/span><span class=\"tech-specs-items-description__title-details\">Smart\/color\/BW(Black and White)<\/span><\/p>\n<p><span class=\"tech-specs-items-description__title\">Wide Dynamic Range (WDR)<\/span><span class=\"tech-specs-items-description__title-details\">DWDR<\/span><\/p>\n<p><span class=\"tech-specs-items-description__title\">Image Enhancement<\/span><span class=\"tech-specs-items-description__title-details\">BLC<\/span><\/p>\n<p><span class=\"tech-specs-items-description__title\">AGC<\/span><span class=\"tech-specs-items-description__title-details\">Low\/middle\/high<\/span><\/p>\n<p><span class=\"tech-specs-items-description__title--heading\">Interface<\/span><\/p>\n<p><span class=\"tech-specs-items-description__title\">Video Output<\/span><span class=\"tech-specs-items-description__title-details\">TVI only<\/span><\/p>\n<p><span class=\"tech-specs-items-description__title--heading\">General<\/span><\/p>\n<p><span class=\"tech-specs-items-description__title\">Material<\/span><span class=\"tech-specs-items-description__title-details\">Main Body: Plastic,Mounting Base: Metal<\/span><\/p>\n<p><span class=\"tech-specs-items-description__title\">Dimension<\/span><span class=\"tech-specs-items-description__title-details\">92 mm \u00d7 89 mm \u00d7 269.6 mm (3.62&#8243; \u00d7 3.5&#8243; \u00d7 10.6&#8243;)<\/span><\/p>\n<p><span class=\"tech-specs-items-description__title-details\">Approx. 900 g (1.98 lb.)<\/span><\/p>\n<p><span class=\"tech-specs-items-description__title\">Operating Condition<\/span><span class=\"tech-specs-items-description__title-details\">-40 \u00b0C to 60 \u00b0C (-40 \u00b0F to 140 \u00b0F), Humidity 90% or less (non-condensation)<\/span><\/p>\n<p><span class=\"tech-specs-items-description__title\">Language<\/span><span class=\"tech-specs-items-description__title-details\">English, Chinese<\/span><\/p>\n<p><span class=\"tech-specs-items-description__title\">Power Supply<\/span><span class=\"tech-specs-items-description__title-details\">12 VDC \u00b115%\/PoC.at<\/span><\/p>\n<p><span class=\"tech-specs-items-description__title\">Consumption<\/span><span class=\"tech-specs-items-description__title-details\">Max.6.5 W<\/span><\/p>\n<p><span class=\"tech-specs-items-description__title\">IR Range<\/span><span class=\"tech-specs-items-description__title-details\">Up to 40 m<\/span><\/p>\n<p><span class=\"tech-specs-items-description__title--heading\">Approval<\/span><\/p>\n<p><span class=\"tech-specs-items-description__title\">Protection<\/span><span class=\"tech-specs-items-description__title-details\">IP66<\/span><\/p>\n","protected":false},"excerpt":{"rendered":"<ul class=\"list-unstyled\">\n<li>Price : Rs2300<\/li>\n<li>Call\/Whatsapp 59691999<\/li>\n<li>\n<div class=\"express-delivery\">Delivery Service available on confirmation of order.<\/div>\n<\/li>\n<li>Payment : MCB Juice\/MyT Money\/Bank Transfer.<\/li>\n<li>Order now and get it at your door step within 1 to 3 working days.<\/li>\n<\/ul>\n","protected":false},"featured_media":186,"comment_status":"open","ping_status":"closed","template":"","meta":{"om_disable_all_campaigns":false,"_monsterinsights_skip_tracking":false,"_monsterinsights_sitenote_active":false,"_monsterinsights_sitenote_note":"","_monsterinsights_sitenote_category":0},"product_cat":[18],"product_tag":[],"class_list":["post-182","product","type-product","status-publish","has-post-thumbnail","hentry","product_cat-camera"],"aioseo_notices":[],"_links":{"self":[{"href":"https:\/\/cctv.cybersolutiononline.com\/index.php\/wp-json\/wp\/v2\/product\/182","targetHints":{"allow":["GET"]}}],"collection":[{"href":"https:\/\/cctv.cybersolutiononline.com\/index.php\/wp-json\/wp\/v2\/product"}],"about":[{"href":"https:\/\/cctv.cybersolutiononline.com\/index.php\/wp-json\/wp\/v2\/types\/product"}],"replies":[{"embeddable":true,"href":"https:\/\/cctv.cybersolutiononline.com\/index.php\/wp-json\/wp\/v2\/comments?post=182"}],"wp:featuredmedia":[{"embeddable":true,"href":"https:\/\/cctv.cybersolutiononline.com\/index.php\/wp-json\/wp\/v2\/media\/186"}],"wp:attachment":[{"href":"https:\/\/cctv.cybersolutiononline.com\/index.php\/wp-json\/wp\/v2\/media?parent=182"}],"wp:term":[{"taxonomy":"product_cat","embeddable":true,"href":"https:\/\/cctv.cybersolutiononline.com\/index.php\/wp-json\/wp\/v2\/product_cat?post=182"},{"taxonomy":"product_tag","embeddable":true,"href":"https:\/\/cctv.cybersolutiononline.com\/index.php\/wp-json\/wp\/v2\/product_tag?post=182"}],"curies":[{"name":"wp","href":"https:\/\/api.w.org\/{rel}","templated":true}]}}