{"id":175,"date":"2021-06-08T09:40:17","date_gmt":"2021-06-08T05:40:17","guid":{"rendered":"http:\/\/cctv.cybersolutiononline.com\/?post_type=product&#038;p=175"},"modified":"2021-07-27T11:01:35","modified_gmt":"2021-07-27T07:01:35","slug":"hikvision-pro-dvr-16-channel-1080p-turbo-hd-2mp","status":"publish","type":"product","link":"https:\/\/cctv.cybersolutiononline.com\/index.php\/product\/hikvision-pro-dvr-16-channel-1080p-turbo-hd-2mp\/","title":{"rendered":"Hikvision Pro DVR 16 Channel 1080p Turbo HD 2mp"},"content":{"rendered":"<h2 class=\"prod_name\"><span class=\"prod_name-content\">16-ch 1080p 1U H.265 AcuSense DVR<\/span><\/h2>\n<p>iDS-7216HQHI-M2\/S (1080P\/4MP LITE)<\/p>\n<ul class=\"product_description_item-list\">\n<li class=\" product_description_item\">16 channels and 2 HDDs 1U AcuSense DVR<\/li>\n<li class=\" product_description_item\">Provides detailed information with face detection<\/li>\n<li class=\" product_description_item\">False alarm reduction through human and vehicle target classification based on deep learning<\/li>\n<li class=\" product_description_item\">Efficient H.265 pro+ compression technology<\/li>\n<li class=\" product_description_item\">Encoding ability up to 1080p @ 15 fps<\/li>\n<li class=\" product_description_item\">5 signals input adaptively (HDTVI\/AHD\/CVI\/CVBS\/IP)<\/li>\n<li class=\" product_description_item\">Up to 8 network cameras can be connected<\/li>\n<\/ul>\n<div class=\"product_more_out\"><\/div>\n<ul class=\"product_description_Thumbnail-list\">\n<li class=\"prodcuct_description_item\">\n<div class=\"product_description_circle\"><img decoding=\"async\" src=\"https:\/\/www.hikvision.com\/content\/dam\/hikvision\/en\/support\/feature-ico\/red-icons\/Smart%20face%20detection.png\" \/><\/div>\n<p class=\"product_description-Param\">\n<\/li>\n<li class=\"prodcuct_description_item\">\n<div class=\"product_description_circle\"><img decoding=\"async\" src=\"https:\/\/www.hikvision.com\/content\/dam\/hikvision\/en\/support\/feature-ico\/red-icons\/False%20Alarm%20Filtering.png\" \/><\/div>\n<p class=\"product_description-Param\">\n<\/li>\n<li class=\"prodcuct_description_item\">\n<div class=\"product_description_circle\"><img decoding=\"async\" src=\"https:\/\/www.hikvision.com\/content\/dam\/hikvision\/en\/support\/feature-ico\/red-icons\/H.265%20Pro.png\" \/><\/div>\n<p class=\"product_description-Param\">\n<\/li>\n<li class=\"prodcuct_description_item\">\n<div class=\"product_description_circle\"><img decoding=\"async\" src=\"https:\/\/www.hikvision.com\/content\/dam\/hikvision\/en\/support\/feature-ico\/red-icons\/5%20in%201%20Video%20Signal%20Input.png\" \/><\/div>\n<p class=\"product_description-Param\">\n<\/li>\n<li class=\"prodcuct_description_item\">\n<div class=\"product_description_circle\"><img decoding=\"async\" src=\"https:\/\/www.hikvision.com\/content\/dam\/hikvision\/en\/support\/feature-ico\/red-icons\/XVR%20Capacity.png\" \/><\/div>\n<p class=\"product_description-Param\">\n<\/li>\n<li class=\"prodcuct_description_item\">\n<div class=\"product_description_circle\"><img decoding=\"async\" src=\"https:\/\/www.hikvision.com\/content\/dam\/hikvision\/en\/support\/feature-ico\/red-icons\/10%20TB%20HDD.png\" \/><\/div>\n<p class=\"product_description-Param\">\n<\/li>\n<li class=\"prodcuct_description_item\">\n<div class=\"product_description_circle\"><img decoding=\"async\" src=\"https:\/\/www.hikvision.com\/content\/dam\/hikvision\/en\/support\/feature-ico\/red-icons\/Mobile%20Surveillance.png\" \/><\/div>\n<\/li>\n<\/ul>\n<p><span class=\"tech-specs-items-description__title--heading\">Recording<\/span><\/p>\n<p><span class=\"tech-specs-items-description__title\">Encoding Resolution<\/span><\/p>\n<p class=\"mb-p\">Main stream:<\/p>\n<p class=\"mb-p\">When 1080p Lite mode not enabled:<\/p>\n<p class=\"mb-p\">For 4 MP stream access:<\/p>\n<p class=\"mb-p\">4 MP lite@15 fps; 1080p lite\/720p\/WD1\/4CIF\/VGA\/CIF@25 fps (P)\/30 fps (N)<\/p>\n<p class=\"mb-p\">For 3 MP stream access: 3 MP\/1080p\/720p\/VGA\/WD1\/4CIF\/CIF@15 fps<\/p>\n<p class=\"mb-p\">For 1080p stream access:<\/p>\n<p class=\"mb-p\">1080p\/720p@15 fps; VGA\/WD1\/4CIF\/CIF@25 fps (P)\/30 fps (N)<\/p>\n<p class=\"mb-p\">For 720p stream access: 720p\/VGA\/WD1\/4CIF\/CIF@25 fps (P)\/30 fps (N)<\/p>\n<p class=\"mb-p\">When 1080p Lite mode enabled:<\/p>\n<p class=\"mb-p\">4 MP lite\/3 MP@15 fps; 1080p lite\/720p lite\/VGA\/WD1\/4CIF\/CIF@25 fps (P)\/30 fps (N)<\/p>\n<p class=\"mb-p\">Sub-stream:<\/p>\n<p class=\"mb-p\">WD1\/4CIF@12 fps; CIF@25 fps (P)\/30 fps (N)<\/p>\n<ul class=\"tech-specs-items-description\" data-target=\"Recording\">\n<li class=\"tech-specs-items-description-list\"><span class=\"tech-specs-items-description__title\">Video Bit Rate<\/span><span class=\"tech-specs-items-description__title-details\">32 Kbps to 6 Mbps<\/span><\/li>\n<li class=\"tech-specs-items-description-list\"><span class=\"tech-specs-items-description__title\">Video Compression<\/span><span class=\"tech-specs-items-description__title-details\">H.265 Pro+\/H.265 Pro\/H.265\/H.264+\/H.264<\/span><\/li>\n<li class=\"tech-specs-items-description-list\"><span class=\"tech-specs-items-description__title\">Dual Stream<\/span><span class=\"tech-specs-items-description__title-details\">Support<\/span><\/li>\n<li class=\"tech-specs-items-description-list\"><span class=\"tech-specs-items-description__title\">Stream Type<\/span><span class=\"tech-specs-items-description__title-details\">Video, Video &amp; Audio<\/span><\/li>\n<li class=\"tech-specs-items-description-list\"><span class=\"tech-specs-items-description__title\">Audio Compression<\/span><span class=\"tech-specs-items-description__title-details\">G.711u<\/span><\/li>\n<li class=\"tech-specs-items-description-list\"><span class=\"tech-specs-items-description__title\">Audio Bit Rate<\/span><span class=\"tech-specs-items-description__title-details\">64 Kbps<\/span><\/li>\n<\/ul>\n<ul class=\"tech-specs-items-description\" data-target=\"Video and Audio\">\n<li class=\"tech-specs-items-description-list\"><span class=\"tech-specs-items-description__title--heading\">Video And Audio<\/span><\/li>\n<li class=\"tech-specs-items-description-list\"><span class=\"tech-specs-items-description__title\">Audio Input<\/span><span class=\"tech-specs-items-description__title-details\">1-ch, RCA (2.0 Vp-p, 1 K\u03a9)<\/span><\/li>\n<li class=\"tech-specs-items-description-list\"><span class=\"tech-specs-items-description__title\">Audio Output<\/span><span class=\"tech-specs-items-description__title-details\">1-ch, RCA (Linear, 1 K\u03a9)<\/span><\/li>\n<li class=\"tech-specs-items-description-list\"><span class=\"tech-specs-items-description__title\">Synchronous Playback<\/span><span class=\"tech-specs-items-description__title-details\">16-ch<\/span><\/li>\n<li class=\"tech-specs-items-description-list\"><span class=\"tech-specs-items-description__title\">IP Video Input<\/span><span class=\"tech-specs-items-description__title-details\">4-ch (up to 12-ch);Up to 6 MP resolution;Support H.265+\/H.265\/H.264+\/H.264 IP cameras<\/span><\/li>\n<li class=\"tech-specs-items-description-list\"><span class=\"tech-specs-items-description__title\">HDTVI Input<\/span>\n<p class=\"mb-p\">3 MP, 1080p@30 fps, 1080p@25 fps, 720p@60 fps, 720p@50 fps, 720p@30 fps, 720p@25 fps<\/p>\n<p class=\"mb-p\">*: The 3 MP signal input is only available for channel 1\/2 of iDS-7208HQHI-M2\/S, and for channel 1\/2\/3\/4 of iDS-7216HQHI-M2\/S.<\/p>\n<p class=\"mb-p\">\n<\/li>\n<li class=\"tech-specs-items-description-list\"><span class=\"tech-specs-items-description__title\">HDCVI Input<\/span><span class=\"tech-specs-items-description__title-details\">4 MP, 1080p@25 fps, 1080p@30 fps, 720p@25 fps, 720p@30 fps<\/span><\/li>\n<li class=\"tech-specs-items-description-list\"><span class=\"tech-specs-items-description__title\">CVBS Input<\/span><span class=\"tech-specs-items-description__title-details\">PAL\/NTSC<\/span><\/li>\n<li class=\"tech-specs-items-description-list\"><span class=\"tech-specs-items-description__title\">Two-Way Audio<\/span><span class=\"tech-specs-items-description__title-details\">1-ch, RCA (2.0 Vp-p, 1 K\u03a9) (using the first audio input)<\/span><\/li>\n<li class=\"tech-specs-items-description-list\"><span class=\"tech-specs-items-description__title\">Analog Video Input<\/span><span class=\"tech-specs-items-description__title-details\">16-ch;BNC interface (1.0 Vp-p, 75 \u03a9), supporting coaxitron connection<\/span><\/li>\n<li class=\"tech-specs-items-description-list\"><span class=\"tech-specs-items-description__title\">AHD Input<\/span><span class=\"tech-specs-items-description__title-details\">4 MP, 1080p@25 fps, 1080p@30 fps, 720p@25 fps, 720p@30 fps<\/span><\/li>\n<li class=\"tech-specs-items-description-list\"><span class=\"tech-specs-items-description__title\">CVBS Output<\/span>\n<p class=\"mb-p\">1-ch, BNC (1.0 Vp-p, 75 \u03a9),<\/p>\n<p class=\"mb-p\">resolution: PAL: 704 \u00d7 576, NTSC: 704 \u00d7 480<\/p>\n<\/li>\n<li class=\"tech-specs-items-description-list\"><span class=\"tech-specs-items-description__title\">HDMI\/VGA Output<\/span>\n<p class=\"mb-p\">1-ch, 1920 \u00d7 1080\/60Hz, 1280 \u00d7 1024\/60Hz, 1280 \u00d7 720\/60Hz,<\/p>\n<p class=\"mb-p\">1024 \u00d7 768\/60Hz, HDMI\/VGA simultaneous output<\/p>\n<p class=\"mb-p\">\n<\/li>\n<\/ul>\n<ul class=\"tech-specs-items-description\" data-target=\"Network\">\n<li class=\"tech-specs-items-description-list\"><span class=\"tech-specs-items-description__title--heading\">Network<\/span><\/li>\n<li class=\"tech-specs-items-description-list\"><span class=\"tech-specs-items-description__title\">Network Protocols <\/span><span class=\"tech-specs-items-description__title-details\">TCP\/IP, PPPoE, DHCP, Hik-Connect, DNS, DDNS, NTP, SADP, NFS, iSCSI, UPnP\u2122, HTTPS, ONVIF<\/span><\/li>\n<li class=\"tech-specs-items-description-list\"><span class=\"tech-specs-items-description__title\">Remote Connections<\/span><span class=\"tech-specs-items-description__title-details\">128<\/span><\/li>\n<li class=\"tech-specs-items-description-list\"><span class=\"tech-specs-items-description__title\">Network Interface<\/span>\n<p class=\"mb-p\">1,RJ45 10M\/100M\/1000M self-adaptive<\/p>\n<p class=\"mb-p\">Ethernet interface<\/p>\n<\/li>\n<\/ul>\n<ul class=\"tech-specs-items-description\" data-target=\"Auxiliary interface\">\n<li class=\"tech-specs-items-description-list\"><span class=\"tech-specs-items-description__title--heading\">Auxiliary Interface<\/span><\/li>\n<li class=\"tech-specs-items-description-list\"><span class=\"tech-specs-items-description__title\">Capacity <\/span><span class=\"tech-specs-items-description__title-details\">Up to 10 TB capacity for each disk<\/span><\/li>\n<li class=\"tech-specs-items-description-list\"><span class=\"tech-specs-items-description__title\">Serial Interface<\/span><span class=\"tech-specs-items-description__title-details\">RS-485 (half-duplex)<\/span><\/li>\n<li class=\"tech-specs-items-description-list\"><span class=\"tech-specs-items-description__title\">USB Interface<\/span>\n<p class=\"mb-p\">1 \u00d7 USB 2.0\uff1b<\/p>\n<p class=\"mb-p\">1 \u00d7 USB 3.0<\/p>\n<\/li>\n<li class=\"tech-specs-items-description-list\"><span class=\"tech-specs-items-description__title\">Alarm In\/Out<\/span><span class=\"tech-specs-items-description__title-details\">N\/A<\/span><\/li>\n<li class=\"tech-specs-items-description-list\"><span class=\"tech-specs-items-description__title\">SATA<\/span><span class=\"tech-specs-items-description__title-details\">2 SATA interface<\/span><\/li>\n<\/ul>\n<ul class=\"tech-specs-items-description\" data-target=\"General\">\n<li class=\"tech-specs-items-description-list\"><span class=\"tech-specs-items-description__title--heading\">General<\/span><\/li>\n<li class=\"tech-specs-items-description-list\"><span class=\"tech-specs-items-description__title\">Consumption(Without HDD)<\/span><span class=\"tech-specs-items-description__title-details\">\u2264 40 W<\/span><\/li>\n<li class=\"tech-specs-items-description-list\"><span class=\"tech-specs-items-description__title\">Working Humidity<\/span><span class=\"tech-specs-items-description__title-details\">10% to 90%<\/span><\/li>\n<li class=\"tech-specs-items-description-list\"><span class=\"tech-specs-items-description__title\">Power Supply<\/span><span class=\"tech-specs-items-description__title-details\">12 VDC<\/span><\/li>\n<li class=\"tech-specs-items-description-list\"><span class=\"tech-specs-items-description__title\">Working Temperature<\/span><span class=\"tech-specs-items-description__title-details\">-10 \u00b0C to +55 \u00b0C (+14 \u00b0F to +131 \u00b0F)<\/span><\/li>\n<li class=\"tech-specs-items-description-list\"><span class=\"tech-specs-items-description__title\">Dimensions(W \u00d7 D \u00d7 H)<\/span><span class=\"tech-specs-items-description__title-details\">380 \u00d7 320 \u00d7 48 mm (15.0 \u00d7 12.6 \u00d7 1.9 inch)<\/span><\/li>\n<li class=\"tech-specs-items-description-list\"><span class=\"tech-specs-items-description__title\">Weights (Without HDD)<\/span><span class=\"tech-specs-items-description__title-details\">\u2264 2 kg (4.4 lb)<\/span><\/li>\n<\/ul>\n","protected":false},"excerpt":{"rendered":"<ul class=\"list-unstyled\">\n<li>Price : Rs9000<\/li>\n<li>Call\/Whatsapp 59691999<\/li>\n<li>\n<div class=\"express-delivery\">Delivery Service available on confirmation of order.<\/div>\n<\/li>\n<li>Payment : MCB Juice\/MyT Money\/Bank Transfer.<\/li>\n<li>Order now and get it at your door step within 1 to 3 working days.<\/li>\n<li>1 Year of Warranty.<\/li>\n<\/ul>\n","protected":false},"featured_media":180,"comment_status":"open","ping_status":"closed","template":"","meta":{"om_disable_all_campaigns":false,"_monsterinsights_skip_tracking":false,"_monsterinsights_sitenote_active":false,"_monsterinsights_sitenote_note":"","_monsterinsights_sitenote_category":0},"product_cat":[20],"product_tag":[],"class_list":["post-175","product","type-product","status-publish","has-post-thumbnail","hentry","product_cat-dvr"],"aioseo_notices":[],"_links":{"self":[{"href":"https:\/\/cctv.cybersolutiononline.com\/index.php\/wp-json\/wp\/v2\/product\/175","targetHints":{"allow":["GET"]}}],"collection":[{"href":"https:\/\/cctv.cybersolutiononline.com\/index.php\/wp-json\/wp\/v2\/product"}],"about":[{"href":"https:\/\/cctv.cybersolutiononline.com\/index.php\/wp-json\/wp\/v2\/types\/product"}],"replies":[{"embeddable":true,"href":"https:\/\/cctv.cybersolutiononline.com\/index.php\/wp-json\/wp\/v2\/comments?post=175"}],"wp:featuredmedia":[{"embeddable":true,"href":"https:\/\/cctv.cybersolutiononline.com\/index.php\/wp-json\/wp\/v2\/media\/180"}],"wp:attachment":[{"href":"https:\/\/cctv.cybersolutiononline.com\/index.php\/wp-json\/wp\/v2\/media?parent=175"}],"wp:term":[{"taxonomy":"product_cat","embeddable":true,"href":"https:\/\/cctv.cybersolutiononline.com\/index.php\/wp-json\/wp\/v2\/product_cat?post=175"},{"taxonomy":"product_tag","embeddable":true,"href":"https:\/\/cctv.cybersolutiononline.com\/index.php\/wp-json\/wp\/v2\/product_tag?post=175"}],"curies":[{"name":"wp","href":"https:\/\/api.w.org\/{rel}","templated":true}]}}